{"id":14913,"date":"2024-04-08T12:10:21","date_gmt":"2024-04-08T10:10:21","guid":{"rendered":"https:\/\/www.laborberlin.com\/mtl-training-at-labor-berlin\/"},"modified":"2026-02-13T12:53:06","modified_gmt":"2026-02-13T11:53:06","slug":"mtl-training-at-labor-berlin","status":"publish","type":"page","link":"https:\/\/www.laborberlin.com\/en\/career\/mtl-training-at-labor-berlin\/","title":{"rendered":"MTL training at Labor Berlin"},"content":{"rendered":"<div class=\"Module Banner Banner--small  Background Background--autoimmundiagnostikFullTone Color Color--white\" >\n    <div class=\"container\">\n        <div class=\"grid grid--size12 \">\n            <div class=\"Banner__content grid--size5Tp\">\n                                    <h1 class=\"Banner__title\">MTL training at Labor Berlin<\/h1>\n                \n                \n                \n                \n\n            <\/div>\n            <div class=\"grid--size12 grid--size7Tp\">\n                                                    <div class=\"Banner__image\">\n                        \n    <picture\n                class=\"Picture Banner__picture Picture--hero\"\n    >\n        <img decoding=\"async\"\n                src=\"\"\n                        data-srcset=\"https:\/\/www.laborberlin.com\/wp-content\/uploads\/2022\/10\/20200426_Labor_Berlin_JacobiaDahm-37-scaled-e1666269710195.jpg 1138w, https:\/\/www.laborberlin.com\/wp-content\/uploads\/2022\/10\/20200426_Labor_Berlin_JacobiaDahm-37-scaled-e1666269710195-768x576.jpg 768w, https:\/\/www.laborberlin.com\/wp-content\/uploads\/2022\/10\/20200426_Labor_Berlin_JacobiaDahm-37-scaled-e1666269710195-1024x768.jpg 1024w, https:\/\/www.laborberlin.com\/wp-content\/uploads\/2022\/10\/20200426_Labor_Berlin_JacobiaDahm-37-scaled-e1666269710195-800x600.jpg 800w, https:\/\/www.laborberlin.com\/wp-content\/uploads\/2022\/10\/20200426_Labor_Berlin_JacobiaDahm-37-scaled-e1666269710195-600x450.jpg 600w, https:\/\/www.laborberlin.com\/wp-content\/uploads\/2022\/10\/20200426_Labor_Berlin_JacobiaDahm-37-scaled-e1666269710195-400x300.jpg 400w, https:\/\/www.laborberlin.com\/wp-content\/uploads\/2022\/10\/20200426_Labor_Berlin_JacobiaDahm-37-scaled-e1666269710195-300x225.jpg 300w\"                class=\"lazyload Picture__image\"\n                alt=\"\"\n            title=\"JacobiaDahm | Labor Berlin\"\/>\n\n                    <div class=\"Picture__tooltip\">\n                <div class=\"Picture__tooltipIcon\">\u00a9<\/div>\n                <div class=\"Picture__tooltipContent\">\n                    JacobiaDahm | Labor Berlin                <\/div>\n            <\/div>\n        \n        <noscript>\n            <img decoding=\"async\" src=\"https:\/\/www.laborberlin.com\/wp-content\/uploads\/2022\/10\/20200426_Labor_Berlin_JacobiaDahm-37-scaled-e1666269710195-1024x768.jpg\" alt=\"\" title=\"JacobiaDahm | Labor Berlin\"\/>\n        <\/noscript>\n    <\/picture>\n\n                        <\/div>\n                            <\/div>\n        <\/div>\n    <\/div>\n<\/div>\n\n    <div class=\"container\">\n        <div class=\"Breadcrumb\">\n    <ul class=\"Breadcrumb__list\" itemscope itemtype=\"https:\/\/schema.org\/BreadcrumbList\">\n        \n                <li itemprop=\"itemListElement\" itemscope itemtype=\"http:\/\/schema.org\/ListItem\" class=\"Breadcrumb__item breadcrumb__item--home\">\n        <a itemprop=\"item\" href=\"https:\/\/www.laborberlin.com\/en\/\" class=\"Breadcrumb__link\">\n            <span itemprop=\"name\">Labor Berlin<\/span>\n        <\/a>\n        <meta itemprop=\"position\" content=\"1\" \/>\n    <\/li>\n    \n                <li itemprop=\"itemListElement\" itemscope itemtype=\"http:\/\/schema.org\/ListItem\" class=\"Breadcrumb__item breadcrumb__item--current\">\n        <a itemprop=\"item\" href=\"https:\/\/www.laborberlin.com\/en\/wp-json\/wp\/v2\/pages\/14913\/\" class=\"Breadcrumb__link\">\n            <span itemprop=\"name\">Page<\/span>\n        <\/a>\n        <meta itemprop=\"position\" content=\"2\" \/>\n    <\/li>\n        <\/ul>\n<\/div>\n    <\/div>\n\n\n<div class=\"Module TeaserRows Background Background--transparent\" >\n    <div class=\"container\">\n        \n\n                    <div class=\"TeaserRows__header\">\n                <h3>Labor Berlin trains medical technologists for laboratory analysis (m\/f\/d)<\/h3>\n<p>With the MTA Reform Act, which will reform MTLA training with effect from January 1, 2023, Labor Berlin will also take on a new and important role as an employer and practice partner in the training of future medical technologists.<\/p>\n<p>In addition to the new job title &#8211; state-recognized medical technologist for laboratory analysis (MTL) &#8211; which is intended to reflect the demands and responsibilities of the job profile, future trainees will benefit from greater practical relevance through longer training periods, a training allowance, the option of part-time training and exemption from school fees.<\/p>\n<p>We look forward to welcoming trainees for practical training at Labor Berlin in cooperation with our parent companies Charit\u00e9 &#8211; Universit\u00e4tsmedizin Berlin and Vivantes Netzwerk f\u00fcr Gesundheit GmbH!<\/p>\n            <\/div>\n        \n                    <div class=\"TeaserRows__list\">\n                                                        <div class=\"TeaserRows__item TeaserRows__item--imageText\">\n                        <div class=\"TeaserRows__grid grid  grid--vCenter\">\n                            <div class=\"grid--size12 grid--size6Tp grid--size5T grid--size4D\">\n                                                                    <span class=\"Topline TeaserRows__topline\">Medical technologists for laboratory analysis (m\/f\/d)<\/span>\n                                \n                                                                                                            <div class=\"TeaserRows__image\">\n                                            \n    <picture\n        style=\"padding-top: 66.666666666667%\"         class=\"Picture \"\n    >\n        <img decoding=\"async\"\n                src=\"\"\n                        data-srcset=\"https:\/\/www.laborberlin.com\/wp-content\/uploads\/2022\/10\/MTL-Ausbildung-1-390x260.jpg 390w, https:\/\/www.laborberlin.com\/wp-content\/uploads\/2022\/10\/MTL-Ausbildung-1-780x520.jpg 780w, https:\/\/www.laborberlin.com\/wp-content\/uploads\/2022\/10\/MTL-Ausbildung-1-510x340.jpg 510w, https:\/\/www.laborberlin.com\/wp-content\/uploads\/2022\/10\/MTL-Ausbildung-1-1020x680.jpg 1020w\"                class=\"lazyload Picture__image\"\n                alt=\"\"\n            title=\"MTL Ausbildung\"\/>\n\n        \n        <noscript>\n            <img decoding=\"async\" src=\"https:\/\/www.laborberlin.com\/wp-content\/uploads\/2022\/10\/MTL-Ausbildung-1-780x520.jpg\" alt=\"\" title=\"MTL Ausbildung\"\/>\n        <\/noscript>\n    <\/picture>\n\n                                            <\/div>\n                                                                                                <\/div>\n                            <div class=\"grid--size12 grid--size6Tp grid--size7T grid--size8D  TeaserRows__text\">\n                                                                    <p>You will complete the school-based part of your training at the Lette Verein. Find out more about the job description and the theoretical part of the apprenticeship here.<br \/>\nTake a look at this <a href=\"https:\/\/www.youtube.com\/watch?v=lq5Sg7jjdQM\">video<\/a> &#8211; a colleague shows what she does as an MTL and what a day in the lab can look like.<\/p>\n                                \n                                                                    \n<a href=\"https:\/\/www.letteverein.berlin\/mta-labor-2\/\" class=\"Button Button--secondary\">more information<\/a>\n                                                            <\/div>\n                        <\/div>\n                    <\/div>\n                                                        <div class=\"TeaserRows__item TeaserRows__item--imageText\">\n                        <div class=\"TeaserRows__grid grid  grid--vCenter\">\n                            <div class=\"grid--size12 grid--size6Tp grid--size5T grid--size4D\">\n                                                                    <span class=\"Topline TeaserRows__topline\">APPLICATIONS FOR AN APPRENTICESHIP<\/span>\n                                \n                                                                                                            <div class=\"TeaserRows__image\">\n                                            \n    <picture\n        style=\"padding-top: 66.666666666667%\"         class=\"Picture \"\n    >\n        <img decoding=\"async\"\n                src=\"\"\n                        data-srcset=\"https:\/\/www.laborberlin.com\/wp-content\/uploads\/2022\/06\/mat-napo-At-LUvX6Eto-unsplash-scaled-e1666271453113-390x260.jpg 390w, https:\/\/www.laborberlin.com\/wp-content\/uploads\/2022\/06\/mat-napo-At-LUvX6Eto-unsplash-scaled-e1666271453113-780x520.jpg 780w, https:\/\/www.laborberlin.com\/wp-content\/uploads\/2022\/06\/mat-napo-At-LUvX6Eto-unsplash-scaled-e1666271453113-510x340.jpg 510w, https:\/\/www.laborberlin.com\/wp-content\/uploads\/2022\/06\/mat-napo-At-LUvX6Eto-unsplash-scaled-e1666271453113-1020x680.jpg 1020w\"                class=\"lazyload Picture__image\"\n                alt=\"\"\n            title=\"mat-napo-At-LUvX6Eto-unsplash\"\/>\n\n        \n        <noscript>\n            <img decoding=\"async\" src=\"https:\/\/www.laborberlin.com\/wp-content\/uploads\/2022\/06\/mat-napo-At-LUvX6Eto-unsplash-scaled-e1666271453113-780x520.jpg\" alt=\"\" title=\"mat-napo-At-LUvX6Eto-unsplash\"\/>\n        <\/noscript>\n    <\/picture>\n\n                                            <\/div>\n                                                                                                <\/div>\n                            <div class=\"grid--size12 grid--size6Tp grid--size7T grid--size8D  TeaserRows__text\">\n                                                                    <p>The new MTL training year at Labor Berlin via Vivantes starts on August 24, 2026.<br \/>\nThe application deadline is April 15, 2026.<\/p>\n<p>We will announce the new application deadlines for the start of the next MTL training year at Labor Berlin via Charit\u00e9 as the sponsoring institution approximately 6 months in advance.<\/p>\n<p>Good luck &amp; hopefully see you soon at #teamlaborberlin!<\/p>\n                                \n                                                                    \n<a href=\"https:\/\/jobs.vivantes.de\/Vacancies\/33330\/Application\/CheckLogin\/31?lang=gerger\" class=\"Button Button--secondary\">apply now<\/a>\n                                                            <\/div>\n                        <\/div>\n                    <\/div>\n                                                        <div class=\"TeaserRows__item TeaserRows__item--imageText\">\n                        <div class=\"TeaserRows__grid grid  grid--vCenter\">\n                            <div class=\"grid--size12 grid--size6Tp grid--size5T grid--size4D\">\n                                                                    <span class=\"Topline TeaserRows__topline\">Your training coordinator at Labor Berlin<\/span>\n                                \n                                                                                                            <div class=\"TeaserRows__image\">\n                                            \n    <picture\n        style=\"padding-top: 66.666666666667%\"         class=\"Picture \"\n    >\n        <img decoding=\"async\"\n                src=\"\"\n                        data-srcset=\"https:\/\/www.laborberlin.com\/wp-content\/uploads\/2025\/02\/shubham-dhage-Qle-xb_KHWQ-unsplash-390x260.jpg 390w, https:\/\/www.laborberlin.com\/wp-content\/uploads\/2025\/02\/shubham-dhage-Qle-xb_KHWQ-unsplash-780x520.jpg 780w, https:\/\/www.laborberlin.com\/wp-content\/uploads\/2025\/02\/shubham-dhage-Qle-xb_KHWQ-unsplash-510x340.jpg 510w, https:\/\/www.laborberlin.com\/wp-content\/uploads\/2025\/02\/shubham-dhage-Qle-xb_KHWQ-unsplash-1020x680.jpg 1020w\"                class=\"lazyload Picture__image\"\n                alt=\"\"\n            title=\"shubham-dhage-Qle-xb_KHWQ-unsplash\"\/>\n\n                    <div class=\"Picture__tooltip\">\n                <div class=\"Picture__tooltipIcon\">\u00a9<\/div>\n                <div class=\"Picture__tooltipContent\">\n                    shubham-dhage-Qle-xb_KHWQ-unsplash                <\/div>\n            <\/div>\n        \n        <noscript>\n            <img decoding=\"async\" src=\"https:\/\/www.laborberlin.com\/wp-content\/uploads\/2025\/02\/shubham-dhage-Qle-xb_KHWQ-unsplash-780x520.jpg\" alt=\"\" title=\"shubham-dhage-Qle-xb_KHWQ-unsplash\"\/>\n        <\/noscript>\n    <\/picture>\n\n                                            <\/div>\n                                                                                                <\/div>\n                            <div class=\"grid--size12 grid--size6Tp grid--size7T grid--size8D  TeaserRows__text\">\n                                                                    <p>Your contact person <strong>Stefanie Schr\u00f6der<\/strong> will be happy to answer any questions you may have about your apprenticeship.<\/p>\n                                \n                                                                    \n<a href=\"javascript:mailto('nbjmup;bvtcjmevohAmbcpscfsmjo\/dpn');\" class=\"Button Button--secondary\">Send e-mail<\/a>\n                                                            <\/div>\n                        <\/div>\n                    <\/div>\n                            <\/div>\n            <\/div>\n<\/div>\n\n\n\n<div class=\"Module TeaserRows Background Background--transparent\" >\n    <div class=\"container\">\n        \n\n        \n            <\/div>\n<\/div>\n\n","protected":false},"excerpt":{"rendered":"","protected":false},"author":19,"featured_media":0,"parent":14841,"menu_order":78,"comment_status":"closed","ping_status":"closed","template":"","meta":{"_acf_changed":false,"footnotes":""},"class_list":["post-14913","page","type-page","status-publish","hentry"],"acf":[],"yoast_head":"<!-- This site is optimized with the Yoast SEO plugin v25.7 - https:\/\/yoast.com\/wordpress\/plugins\/seo\/ -->\n<title>MTL training at Labor Berlin - Labor Berlin<\/title>\n<meta name=\"robots\" content=\"index, follow, max-snippet:-1, max-image-preview:large, max-video-preview:-1\" \/>\n<link rel=\"canonical\" href=\"https:\/\/www.laborberlin.com\/en\/career\/mtl-training-at-labor-berlin\/\" \/>\n<meta property=\"og:locale\" content=\"en_US\" \/>\n<meta property=\"og:type\" content=\"article\" \/>\n<meta property=\"og:title\" content=\"MTL training at Labor Berlin - Labor Berlin\" \/>\n<meta property=\"og:url\" content=\"https:\/\/www.laborberlin.com\/en\/career\/mtl-training-at-labor-berlin\/\" \/>\n<meta property=\"og:site_name\" content=\"Labor Berlin\" \/>\n<meta property=\"article:modified_time\" content=\"2026-02-13T11:53:06+00:00\" \/>\n<meta name=\"twitter:card\" content=\"summary_large_image\" \/>\n<script type=\"application\/ld+json\" class=\"yoast-schema-graph\">{\"@context\":\"https:\/\/schema.org\",\"@graph\":[{\"@type\":\"WebPage\",\"@id\":\"https:\/\/www.laborberlin.com\/en\/career\/mtl-training-at-labor-berlin\/\",\"url\":\"https:\/\/www.laborberlin.com\/en\/career\/mtl-training-at-labor-berlin\/\",\"name\":\"MTL training at Labor Berlin - Labor Berlin\",\"isPartOf\":{\"@id\":\"https:\/\/www.laborberlin.com\/#website\"},\"datePublished\":\"2024-04-08T10:10:21+00:00\",\"dateModified\":\"2026-02-13T11:53:06+00:00\",\"breadcrumb\":{\"@id\":\"https:\/\/www.laborberlin.com\/en\/career\/mtl-training-at-labor-berlin\/#breadcrumb\"},\"inLanguage\":\"en-US\",\"potentialAction\":[{\"@type\":\"ReadAction\",\"target\":[\"https:\/\/www.laborberlin.com\/en\/career\/mtl-training-at-labor-berlin\/\"]}]},{\"@type\":\"BreadcrumbList\",\"@id\":\"https:\/\/www.laborberlin.com\/en\/career\/mtl-training-at-labor-berlin\/#breadcrumb\",\"itemListElement\":[{\"@type\":\"ListItem\",\"position\":1,\"name\":\"Home\",\"item\":\"https:\/\/www.laborberlin.com\/en\/\"},{\"@type\":\"ListItem\",\"position\":2,\"name\":\"Career\",\"item\":\"https:\/\/www.laborberlin.com\/en\/career\/\"},{\"@type\":\"ListItem\",\"position\":3,\"name\":\"MTL training at Labor Berlin\"}]},{\"@type\":\"WebSite\",\"@id\":\"https:\/\/www.laborberlin.com\/#website\",\"url\":\"https:\/\/www.laborberlin.com\/\",\"name\":\"Labor Berlin\",\"description\":\"Competence of Charit\u00e9 and Vivantes.\",\"potentialAction\":[{\"@type\":\"SearchAction\",\"target\":{\"@type\":\"EntryPoint\",\"urlTemplate\":\"https:\/\/www.laborberlin.com\/?s={search_term_string}\"},\"query-input\":{\"@type\":\"PropertyValueSpecification\",\"valueRequired\":true,\"valueName\":\"search_term_string\"}}],\"inLanguage\":\"en-US\"}]}<\/script>\n<!-- \/ Yoast SEO plugin. -->","yoast_head_json":{"title":"MTL training at Labor Berlin - Labor Berlin","robots":{"index":"index","follow":"follow","max-snippet":"max-snippet:-1","max-image-preview":"max-image-preview:large","max-video-preview":"max-video-preview:-1"},"canonical":"https:\/\/www.laborberlin.com\/en\/career\/mtl-training-at-labor-berlin\/","og_locale":"en_US","og_type":"article","og_title":"MTL training at Labor Berlin - Labor Berlin","og_url":"https:\/\/www.laborberlin.com\/en\/career\/mtl-training-at-labor-berlin\/","og_site_name":"Labor Berlin","article_modified_time":"2026-02-13T11:53:06+00:00","twitter_card":"summary_large_image","schema":{"@context":"https:\/\/schema.org","@graph":[{"@type":"WebPage","@id":"https:\/\/www.laborberlin.com\/en\/career\/mtl-training-at-labor-berlin\/","url":"https:\/\/www.laborberlin.com\/en\/career\/mtl-training-at-labor-berlin\/","name":"MTL training at Labor Berlin - Labor Berlin","isPartOf":{"@id":"https:\/\/www.laborberlin.com\/#website"},"datePublished":"2024-04-08T10:10:21+00:00","dateModified":"2026-02-13T11:53:06+00:00","breadcrumb":{"@id":"https:\/\/www.laborberlin.com\/en\/career\/mtl-training-at-labor-berlin\/#breadcrumb"},"inLanguage":"en-US","potentialAction":[{"@type":"ReadAction","target":["https:\/\/www.laborberlin.com\/en\/career\/mtl-training-at-labor-berlin\/"]}]},{"@type":"BreadcrumbList","@id":"https:\/\/www.laborberlin.com\/en\/career\/mtl-training-at-labor-berlin\/#breadcrumb","itemListElement":[{"@type":"ListItem","position":1,"name":"Home","item":"https:\/\/www.laborberlin.com\/en\/"},{"@type":"ListItem","position":2,"name":"Career","item":"https:\/\/www.laborberlin.com\/en\/career\/"},{"@type":"ListItem","position":3,"name":"MTL training at Labor Berlin"}]},{"@type":"WebSite","@id":"https:\/\/www.laborberlin.com\/#website","url":"https:\/\/www.laborberlin.com\/","name":"Labor Berlin","description":"Competence of Charit\u00e9 and Vivantes.","potentialAction":[{"@type":"SearchAction","target":{"@type":"EntryPoint","urlTemplate":"https:\/\/www.laborberlin.com\/?s={search_term_string}"},"query-input":{"@type":"PropertyValueSpecification","valueRequired":true,"valueName":"search_term_string"}}],"inLanguage":"en-US"}]}},"_links":{"self":[{"href":"https:\/\/www.laborberlin.com\/en\/wp-json\/wp\/v2\/pages\/14913","targetHints":{"allow":["GET"]}}],"collection":[{"href":"https:\/\/www.laborberlin.com\/en\/wp-json\/wp\/v2\/pages"}],"about":[{"href":"https:\/\/www.laborberlin.com\/en\/wp-json\/wp\/v2\/types\/page"}],"author":[{"embeddable":true,"href":"https:\/\/www.laborberlin.com\/en\/wp-json\/wp\/v2\/users\/19"}],"replies":[{"embeddable":true,"href":"https:\/\/www.laborberlin.com\/en\/wp-json\/wp\/v2\/comments?post=14913"}],"version-history":[{"count":5,"href":"https:\/\/www.laborberlin.com\/en\/wp-json\/wp\/v2\/pages\/14913\/revisions"}],"predecessor-version":[{"id":32119,"href":"https:\/\/www.laborberlin.com\/en\/wp-json\/wp\/v2\/pages\/14913\/revisions\/32119"}],"up":[{"embeddable":true,"href":"https:\/\/www.laborberlin.com\/en\/wp-json\/wp\/v2\/pages\/14841"}],"wp:attachment":[{"href":"https:\/\/www.laborberlin.com\/en\/wp-json\/wp\/v2\/media?parent=14913"}],"curies":[{"name":"wp","href":"https:\/\/api.w.org\/{rel}","templated":true}]}}