{"id":16045,"date":"2024-06-13T14:49:06","date_gmt":"2024-06-13T12:49:06","guid":{"rendered":"https:\/\/www.laborberlin.com\/our-services\/cooperation-and-management-services\/"},"modified":"2024-06-24T10:43:58","modified_gmt":"2024-06-24T08:43:58","slug":"cooperation-and-management-services","status":"publish","type":"page","link":"https:\/\/www.laborberlin.com\/en\/our-services\/cooperation-and-management-services\/","title":{"rendered":"Cooperation and management services"},"content":{"rendered":"<div class=\"Module Banner Banner--small  Background Background--warmGreyFullTone Color Color--white\" >\n    <div class=\"container\">\n        <div class=\"grid grid--size12 \">\n            <div class=\"Banner__content grid--size5Tp\">\n                                    <h1 class=\"Banner__title\">Cooperation and management services<\/h1>\n                \n                \n                \n                \n\n            <\/div>\n            <div class=\"grid--size12 grid--size7Tp\">\n                                                    <div class=\"Banner__image\">\n                        \n    <picture\n                class=\"Picture Banner__picture Picture--hero\"\n    >\n        <img decoding=\"async\"\n                src=\"\"\n                        data-srcset=\"https:\/\/www.laborberlin.com\/wp-content\/uploads\/2020\/06\/dylan-gillis-KdeqA3aTnBY-unsplash-1-scaled.jpg 2560w, https:\/\/www.laborberlin.com\/wp-content\/uploads\/2020\/06\/dylan-gillis-KdeqA3aTnBY-unsplash-1-768x512.jpg 768w, https:\/\/www.laborberlin.com\/wp-content\/uploads\/2020\/06\/dylan-gillis-KdeqA3aTnBY-unsplash-1-1536x1024.jpg 1536w, https:\/\/www.laborberlin.com\/wp-content\/uploads\/2020\/06\/dylan-gillis-KdeqA3aTnBY-unsplash-1-2048x1365.jpg 2048w, https:\/\/www.laborberlin.com\/wp-content\/uploads\/2020\/06\/dylan-gillis-KdeqA3aTnBY-unsplash-1-1600x1067.jpg 1600w, https:\/\/www.laborberlin.com\/wp-content\/uploads\/2020\/06\/dylan-gillis-KdeqA3aTnBY-unsplash-1-1024x683.jpg 1024w, https:\/\/www.laborberlin.com\/wp-content\/uploads\/2020\/06\/dylan-gillis-KdeqA3aTnBY-unsplash-1-800x533.jpg 800w, https:\/\/www.laborberlin.com\/wp-content\/uploads\/2020\/06\/dylan-gillis-KdeqA3aTnBY-unsplash-1-600x400.jpg 600w, https:\/\/www.laborberlin.com\/wp-content\/uploads\/2020\/06\/dylan-gillis-KdeqA3aTnBY-unsplash-1-400x267.jpg 400w, https:\/\/www.laborberlin.com\/wp-content\/uploads\/2020\/06\/dylan-gillis-KdeqA3aTnBY-unsplash-1-390x260.jpg 390w, https:\/\/www.laborberlin.com\/wp-content\/uploads\/2020\/06\/dylan-gillis-KdeqA3aTnBY-unsplash-1-780x520.jpg 780w, https:\/\/www.laborberlin.com\/wp-content\/uploads\/2020\/06\/dylan-gillis-KdeqA3aTnBY-unsplash-1-510x340.jpg 510w, https:\/\/www.laborberlin.com\/wp-content\/uploads\/2020\/06\/dylan-gillis-KdeqA3aTnBY-unsplash-1-1020x680.jpg 1020w\"                class=\"lazyload Picture__image\"\n                alt=\"\"\n            title=\"dylan-gillis-KdeqA3aTnBY-unsplash (1)\"\/>\n\n        \n        <noscript>\n            <img decoding=\"async\" src=\"https:\/\/www.laborberlin.com\/wp-content\/uploads\/2020\/06\/dylan-gillis-KdeqA3aTnBY-unsplash-1-1024x683.jpg\" alt=\"\" title=\"dylan-gillis-KdeqA3aTnBY-unsplash (1)\"\/>\n        <\/noscript>\n    <\/picture>\n\n                        <\/div>\n                            <\/div>\n        <\/div>\n    <\/div>\n<\/div>\n\n    <div class=\"container\">\n        <div class=\"Breadcrumb\">\n    <ul class=\"Breadcrumb__list\" itemscope itemtype=\"https:\/\/schema.org\/BreadcrumbList\">\n        \n                <li itemprop=\"itemListElement\" itemscope itemtype=\"http:\/\/schema.org\/ListItem\" class=\"Breadcrumb__item breadcrumb__item--home\">\n        <a itemprop=\"item\" href=\"https:\/\/www.laborberlin.com\/en\/\" class=\"Breadcrumb__link\">\n            <span itemprop=\"name\">Labor Berlin<\/span>\n        <\/a>\n        <meta itemprop=\"position\" content=\"1\" \/>\n    <\/li>\n    \n                <li itemprop=\"itemListElement\" itemscope itemtype=\"http:\/\/schema.org\/ListItem\" class=\"Breadcrumb__item breadcrumb__item--current\">\n        <a itemprop=\"item\" href=\"https:\/\/www.laborberlin.com\/en\/wp-json\/wp\/v2\/pages\/16045\/\" class=\"Breadcrumb__link\">\n            <span itemprop=\"name\">Page<\/span>\n        <\/a>\n        <meta itemprop=\"position\" content=\"2\" \/>\n    <\/li>\n        <\/ul>\n<\/div>\n    <\/div>\n<div class=\"Module Text Background Background--\" >\n    <div class=\"container\">\n        \n\n                                <div class=\"Text__content\">\n                <h2>Areas of cooperation and management services<\/h2>\n<p>As Europe&#8217;s largest hospital laboratory, we have succeeded in recent years in acquiring more than 30 clinics throughout Germany and over 100 private practitioners in and around Berlin for whom we provide laboratory services.<\/p>\n<p>We count on strong partners throughout Germany: our network partners (<a href=\"http:\/\/laborrheinmain.com\" target=\"_blank\" rel=\"noopener\">Labor Rhein-Main<\/a>, <a href=\"https:\/\/www.laborchemnitz.de\/\" target=\"_blank\" rel=\"noopener\">Labor Chemnitz<\/a>, <a href=\"http:\/\/laborpotsdam.de\/\" target=\"_blank\" rel=\"noopener\">Labor Potsdam<\/a>), who, as regional key suppliers, provide parts of the special diagnostics directly on site if it is not practical to transport the samples to Berlin for reasons of quality or time.<\/p>\n<p>Our services and forms of cooperation can best be summarized in the following five areas. Do not hesitate to contact us at any time, we are here for you!<\/p>\n<p><strong>Contact<\/strong>: <a href=\"mailto:einsenderbetreuung@laborberlin.com\" target=\"_blank\" rel=\"noopener\">einsenderbetreuung@laborberlin.com<\/a><\/p>\n            <\/div>\n            <\/div>\n<\/div>\n\n\n<div class=\"Module AccordionModule Background Background--warmGrey\" >\n    <div class=\"container\">\n        \n        <div class=\"Accordion\">\n                            <ul role=\"presentation\" class=\"Accordion__list\">\n                                                                    <li class=\"Accordion__item\" id=\"service-provider-for-laboratory-diagnostics\">\n                            <button role=\"heading\" aria-expanded=\"false\" class=\"Accordion__title\" type=\"button\">\n                                Service provider for laboratory diagnostics                            <\/button>\n\n                            <div class=\"Accordion__wrapper\">\n                                <div class=\"Accordion__content\">\n                                                                                                                                                                        <ul>\n<li>Specialist and technical contacts are available for you around the clock: focus on therapeutic and prognostic advice<\/li>\n<li>Individual customer support on site<\/li>\n<li>Rapid availability of routine diagnostics as well as rare analyses thanks to high-throughput automation<\/li>\n<li>Emergency diagnostics, cerebrospinal fluid analysis, analysis of needlestick injuries, toxicological and brain death analysis: 24\/7, 365 days a year<\/li>\n<li>Continuous development: laboratory commissions, medical boards and progress events to stay up to date<\/li>\n<\/ul>\n                                                                                                                                                        <\/div>\n                            <\/div>\n                        <\/li>\n                                                                    <li class=\"Accordion__item\" id=\"laboratory-equipment-and-management\">\n                            <button role=\"heading\" aria-expanded=\"false\" class=\"Accordion__title\" type=\"button\">\n                                Laboratory equipment and management                            <\/button>\n\n                            <div class=\"Accordion__wrapper\">\n                                <div class=\"Accordion__content\">\n                                                                                                                                                                        <ul>\n<li>Equipment and optimization for the establishment of presence laboratories<\/li>\n<li>Establishment and implementation of point-of-care (POCT) concepts<\/li>\n<li>Workplace organization<\/li>\n<li>Optimization of sample logistics<\/li>\n<li>Takeover of POCT management<\/li>\n<li>Assumption of transfusion responsibility<\/li>\n<li>Takeover of quality management<\/li>\n<li>Support for hospital hygiene<\/li>\n<\/ul>\n                                                                                                                                                        <\/div>\n                            <\/div>\n                        <\/li>\n                                                                    <li class=\"Accordion__item\" id=\"network-partners-as-regional-key-suppliers\">\n                            <button role=\"heading\" aria-expanded=\"false\" class=\"Accordion__title\" type=\"button\">\n                                Network partners as regional key suppliers                            <\/button>\n\n                            <div class=\"Accordion__wrapper\">\n                                <div class=\"Accordion__content\">\n                                                                                                                                                                        <ul>\n<li>A nationwide laboratory supply is only possible thanks to our network partners, who provide extended routine diagnostics and special diagnostics (e.g. microbiology) for our customers as regional specialist suppliers<\/li>\n<li>Highly specialized diagnostics are transported overnight to our central laboratory in Berlin<\/li>\n<\/ul>\n                                                                                                                                                        <\/div>\n                            <\/div>\n                        <\/li>\n                                                                    <li class=\"Accordion__item\" id=\"requirements-management-and-benchmarking\">\n                            <button role=\"heading\" aria-expanded=\"false\" class=\"Accordion__title\" type=\"button\">\n                                Requirements management and benchmarking                            <\/button>\n\n                            <div class=\"Accordion__wrapper\">\n                                <div class=\"Accordion__content\">\n                                                                                                                                                                        <ul>\n<li>Optimization of parameter spectra and requirement profiles based on well-founded evaluations of our customers&#8217; requirement behavior<\/li>\n<li>Intelligent request management via our electronic request tool<\/li>\n<li>Benchmarking of request behavior with comparable data and derivation of recommendations for action<\/li>\n<\/ul>\n                                                                                                                                                        <\/div>\n                            <\/div>\n                        <\/li>\n                                                                    <li class=\"Accordion__item\" id=\"the-idea-of-innovation\">\n                            <button role=\"heading\" aria-expanded=\"false\" class=\"Accordion__title\" type=\"button\">\n                                The idea of innovation                            <\/button>\n\n                            <div class=\"Accordion__wrapper\">\n                                <div class=\"Accordion__content\">\n                                                                                                                                                                        <ul>\n<li>Access to laboratory medical innovations developed jointly with Charit\u00e9 Universit\u00e4tsmedizin Berlin and Vivantes &#8211; Netzwerk f\u00fcr Gesundheit GmbH<\/li>\n<li>This means that innovative parameters are available more quickly in routine operations and therefore for our customers and patients<\/li>\n<\/ul>\n                                                                                                                                                        <\/div>\n                            <\/div>\n                        <\/li>\n                                    <\/ul>\n                    <\/div>\n    <\/div>\n<\/div>\n","protected":false},"excerpt":{"rendered":"","protected":false},"author":1,"featured_media":0,"parent":14898,"menu_order":94,"comment_status":"closed","ping_status":"closed","template":"","meta":{"_acf_changed":false,"footnotes":""},"class_list":["post-16045","page","type-page","status-publish","hentry"],"acf":[],"yoast_head":"<!-- This site is optimized with the Yoast SEO plugin v25.7 - https:\/\/yoast.com\/wordpress\/plugins\/seo\/ -->\n<title>Cooperation and management services - Labor Berlin<\/title>\n<meta name=\"robots\" content=\"index, follow, max-snippet:-1, max-image-preview:large, max-video-preview:-1\" \/>\n<link rel=\"canonical\" href=\"https:\/\/www.laborberlin.com\/en\/our-services\/cooperation-and-management-services\/\" \/>\n<meta property=\"og:locale\" content=\"en_US\" \/>\n<meta property=\"og:type\" content=\"article\" \/>\n<meta property=\"og:title\" content=\"Cooperation and management services - Labor Berlin\" \/>\n<meta property=\"og:url\" content=\"https:\/\/www.laborberlin.com\/en\/our-services\/cooperation-and-management-services\/\" \/>\n<meta property=\"og:site_name\" content=\"Labor Berlin\" \/>\n<meta property=\"article:modified_time\" content=\"2024-06-24T08:43:58+00:00\" \/>\n<meta name=\"twitter:card\" content=\"summary_large_image\" \/>\n<script type=\"application\/ld+json\" class=\"yoast-schema-graph\">{\"@context\":\"https:\/\/schema.org\",\"@graph\":[{\"@type\":\"WebPage\",\"@id\":\"https:\/\/www.laborberlin.com\/en\/our-services\/cooperation-and-management-services\/\",\"url\":\"https:\/\/www.laborberlin.com\/en\/our-services\/cooperation-and-management-services\/\",\"name\":\"Cooperation and management services - Labor Berlin\",\"isPartOf\":{\"@id\":\"https:\/\/www.laborberlin.com\/#website\"},\"datePublished\":\"2024-06-13T12:49:06+00:00\",\"dateModified\":\"2024-06-24T08:43:58+00:00\",\"breadcrumb\":{\"@id\":\"https:\/\/www.laborberlin.com\/en\/our-services\/cooperation-and-management-services\/#breadcrumb\"},\"inLanguage\":\"en-US\",\"potentialAction\":[{\"@type\":\"ReadAction\",\"target\":[\"https:\/\/www.laborberlin.com\/en\/our-services\/cooperation-and-management-services\/\"]}]},{\"@type\":\"BreadcrumbList\",\"@id\":\"https:\/\/www.laborberlin.com\/en\/our-services\/cooperation-and-management-services\/#breadcrumb\",\"itemListElement\":[{\"@type\":\"ListItem\",\"position\":1,\"name\":\"Home\",\"item\":\"https:\/\/www.laborberlin.com\/en\/homepage\/\"},{\"@type\":\"ListItem\",\"position\":2,\"name\":\"Our services\",\"item\":\"https:\/\/www.laborberlin.com\/en\/our-services\/\"},{\"@type\":\"ListItem\",\"position\":3,\"name\":\"Cooperation and management services\"}]},{\"@type\":\"WebSite\",\"@id\":\"https:\/\/www.laborberlin.com\/#website\",\"url\":\"https:\/\/www.laborberlin.com\/\",\"name\":\"Labor Berlin\",\"description\":\"Competence of Charit\u00e9 and Vivantes.\",\"potentialAction\":[{\"@type\":\"SearchAction\",\"target\":{\"@type\":\"EntryPoint\",\"urlTemplate\":\"https:\/\/www.laborberlin.com\/?s={search_term_string}\"},\"query-input\":{\"@type\":\"PropertyValueSpecification\",\"valueRequired\":true,\"valueName\":\"search_term_string\"}}],\"inLanguage\":\"en-US\"}]}<\/script>\n<!-- \/ Yoast SEO plugin. -->","yoast_head_json":{"title":"Cooperation and management services - Labor Berlin","robots":{"index":"index","follow":"follow","max-snippet":"max-snippet:-1","max-image-preview":"max-image-preview:large","max-video-preview":"max-video-preview:-1"},"canonical":"https:\/\/www.laborberlin.com\/en\/our-services\/cooperation-and-management-services\/","og_locale":"en_US","og_type":"article","og_title":"Cooperation and management services - Labor Berlin","og_url":"https:\/\/www.laborberlin.com\/en\/our-services\/cooperation-and-management-services\/","og_site_name":"Labor Berlin","article_modified_time":"2024-06-24T08:43:58+00:00","twitter_card":"summary_large_image","schema":{"@context":"https:\/\/schema.org","@graph":[{"@type":"WebPage","@id":"https:\/\/www.laborberlin.com\/en\/our-services\/cooperation-and-management-services\/","url":"https:\/\/www.laborberlin.com\/en\/our-services\/cooperation-and-management-services\/","name":"Cooperation and management services - Labor Berlin","isPartOf":{"@id":"https:\/\/www.laborberlin.com\/#website"},"datePublished":"2024-06-13T12:49:06+00:00","dateModified":"2024-06-24T08:43:58+00:00","breadcrumb":{"@id":"https:\/\/www.laborberlin.com\/en\/our-services\/cooperation-and-management-services\/#breadcrumb"},"inLanguage":"en-US","potentialAction":[{"@type":"ReadAction","target":["https:\/\/www.laborberlin.com\/en\/our-services\/cooperation-and-management-services\/"]}]},{"@type":"BreadcrumbList","@id":"https:\/\/www.laborberlin.com\/en\/our-services\/cooperation-and-management-services\/#breadcrumb","itemListElement":[{"@type":"ListItem","position":1,"name":"Home","item":"https:\/\/www.laborberlin.com\/en\/homepage\/"},{"@type":"ListItem","position":2,"name":"Our services","item":"https:\/\/www.laborberlin.com\/en\/our-services\/"},{"@type":"ListItem","position":3,"name":"Cooperation and management services"}]},{"@type":"WebSite","@id":"https:\/\/www.laborberlin.com\/#website","url":"https:\/\/www.laborberlin.com\/","name":"Labor Berlin","description":"Competence of Charit\u00e9 and Vivantes.","potentialAction":[{"@type":"SearchAction","target":{"@type":"EntryPoint","urlTemplate":"https:\/\/www.laborberlin.com\/?s={search_term_string}"},"query-input":{"@type":"PropertyValueSpecification","valueRequired":true,"valueName":"search_term_string"}}],"inLanguage":"en-US"}]}},"_links":{"self":[{"href":"https:\/\/www.laborberlin.com\/en\/wp-json\/wp\/v2\/pages\/16045","targetHints":{"allow":["GET"]}}],"collection":[{"href":"https:\/\/www.laborberlin.com\/en\/wp-json\/wp\/v2\/pages"}],"about":[{"href":"https:\/\/www.laborberlin.com\/en\/wp-json\/wp\/v2\/types\/page"}],"author":[{"embeddable":true,"href":"https:\/\/www.laborberlin.com\/en\/wp-json\/wp\/v2\/users\/1"}],"replies":[{"embeddable":true,"href":"https:\/\/www.laborberlin.com\/en\/wp-json\/wp\/v2\/comments?post=16045"}],"version-history":[{"count":3,"href":"https:\/\/www.laborberlin.com\/en\/wp-json\/wp\/v2\/pages\/16045\/revisions"}],"predecessor-version":[{"id":16387,"href":"https:\/\/www.laborberlin.com\/en\/wp-json\/wp\/v2\/pages\/16045\/revisions\/16387"}],"up":[{"embeddable":true,"href":"https:\/\/www.laborberlin.com\/en\/wp-json\/wp\/v2\/pages\/14898"}],"wp:attachment":[{"href":"https:\/\/www.laborberlin.com\/en\/wp-json\/wp\/v2\/media?parent=16045"}],"curies":[{"name":"wp","href":"https:\/\/api.w.org\/{rel}","templated":true}]}}