{"id":16085,"date":"2024-06-13T14:57:20","date_gmt":"2024-06-13T12:57:20","guid":{"rendered":"https:\/\/www.laborberlin.com\/latest-news\/press\/"},"modified":"2024-07-17T08:54:46","modified_gmt":"2024-07-17T06:54:46","slug":"press","status":"publish","type":"page","link":"https:\/\/www.laborberlin.com\/en\/latest-news\/press\/","title":{"rendered":"Press"},"content":{"rendered":"<div class=\"Module Banner Banner--small  Background Background--grauFullTone Color Color--white\" >\n    <div class=\"container\">\n        <div class=\"grid grid--size12 \">\n            <div class=\"Banner__content grid--size5Tp\">\n                                    <h1 class=\"Banner__title\">Press<\/h1>\n                \n                \n                \n                \n\n            <\/div>\n            <div class=\"grid--size12 grid--size7Tp\">\n                                                    <div class=\"Banner__image\">\n                        \n    <picture\n                class=\"Picture Banner__picture Picture--hero\"\n    >\n        <img decoding=\"async\"\n                src=\"\"\n                        data-srcset=\"https:\/\/www.laborberlin.com\/wp-content\/uploads\/2021\/02\/bank-phrom-Tzm3Oyu_6sk-unsplash-scaled.jpg 2560w, https:\/\/www.laborberlin.com\/wp-content\/uploads\/2021\/02\/bank-phrom-Tzm3Oyu_6sk-unsplash-768x513.jpg 768w, https:\/\/www.laborberlin.com\/wp-content\/uploads\/2021\/02\/bank-phrom-Tzm3Oyu_6sk-unsplash-1536x1025.jpg 1536w, https:\/\/www.laborberlin.com\/wp-content\/uploads\/2021\/02\/bank-phrom-Tzm3Oyu_6sk-unsplash-2048x1367.jpg 2048w, https:\/\/www.laborberlin.com\/wp-content\/uploads\/2021\/02\/bank-phrom-Tzm3Oyu_6sk-unsplash-1600x1068.jpg 1600w, https:\/\/www.laborberlin.com\/wp-content\/uploads\/2021\/02\/bank-phrom-Tzm3Oyu_6sk-unsplash-1024x684.jpg 1024w, https:\/\/www.laborberlin.com\/wp-content\/uploads\/2021\/02\/bank-phrom-Tzm3Oyu_6sk-unsplash-800x534.jpg 800w, https:\/\/www.laborberlin.com\/wp-content\/uploads\/2021\/02\/bank-phrom-Tzm3Oyu_6sk-unsplash-600x401.jpg 600w, https:\/\/www.laborberlin.com\/wp-content\/uploads\/2021\/02\/bank-phrom-Tzm3Oyu_6sk-unsplash-400x267.jpg 400w, https:\/\/www.laborberlin.com\/wp-content\/uploads\/2021\/02\/bank-phrom-Tzm3Oyu_6sk-unsplash-390x260.jpg 390w, https:\/\/www.laborberlin.com\/wp-content\/uploads\/2021\/02\/bank-phrom-Tzm3Oyu_6sk-unsplash-780x520.jpg 780w, https:\/\/www.laborberlin.com\/wp-content\/uploads\/2021\/02\/bank-phrom-Tzm3Oyu_6sk-unsplash-510x340.jpg 510w, https:\/\/www.laborberlin.com\/wp-content\/uploads\/2021\/02\/bank-phrom-Tzm3Oyu_6sk-unsplash-1020x680.jpg 1020w\"                class=\"lazyload Picture__image\"\n                alt=\"\"\n            title=\"bank-phrom-Tzm3Oyu_6sk-unsplash\"\/>\n\n                    <div class=\"Picture__tooltip\">\n                <div class=\"Picture__tooltipIcon\">\u00a9<\/div>\n                <div class=\"Picture__tooltipContent\">\n                    bank-phrom-Tzm3Oyu_6sk-unsplash                <\/div>\n            <\/div>\n        \n        <noscript>\n            <img decoding=\"async\" src=\"https:\/\/www.laborberlin.com\/wp-content\/uploads\/2021\/02\/bank-phrom-Tzm3Oyu_6sk-unsplash-1024x684.jpg\" alt=\"\" title=\"bank-phrom-Tzm3Oyu_6sk-unsplash\"\/>\n        <\/noscript>\n    <\/picture>\n\n                        <\/div>\n                            <\/div>\n        <\/div>\n    <\/div>\n<\/div>\n\n    <div class=\"container\">\n        <div class=\"Breadcrumb\">\n    <ul class=\"Breadcrumb__list\" itemscope itemtype=\"https:\/\/schema.org\/BreadcrumbList\">\n        \n                <li itemprop=\"itemListElement\" itemscope itemtype=\"http:\/\/schema.org\/ListItem\" class=\"Breadcrumb__item breadcrumb__item--home\">\n        <a itemprop=\"item\" href=\"https:\/\/www.laborberlin.com\/en\/\" class=\"Breadcrumb__link\">\n            <span itemprop=\"name\">Labor Berlin<\/span>\n        <\/a>\n        <meta itemprop=\"position\" content=\"1\" \/>\n    <\/li>\n    \n                <li itemprop=\"itemListElement\" itemscope itemtype=\"http:\/\/schema.org\/ListItem\" class=\"Breadcrumb__item breadcrumb__item--current\">\n        <a itemprop=\"item\" href=\"https:\/\/www.laborberlin.com\/en\/wp-json\/wp\/v2\/pages\/16085\/\" class=\"Breadcrumb__link\">\n            <span itemprop=\"name\">Page<\/span>\n        <\/a>\n        <meta itemprop=\"position\" content=\"2\" \/>\n    <\/li>\n        <\/ul>\n<\/div>\n    <\/div>\n<div class=\"Module PressModule Background Background--transparent\" >\n    <div class=\"container\">\n        <div class=\"Module__header\">\n            <h2>Press releases<\/h2>\n        <\/div>\n\n        <ul class=\"grid grid--size4Tp\">\n            \n                                            <li class='mar--b10'>\n                    <h3>Labor Berlin relies on mass spectrometry from Roche<\/h3>\n                    <p>07.04.25 | A significant milestone in diagnostics\r\nRoche Diagnostics and Labor Berlin announce the installation of the world&#8217;s first fully automated system for mass spectrometry (cobas\u00ae i 601 Mass Spec solution). It will enable even faster diagnoses around the clock and significantly improve the quality of patient care.<\/p>\n\n                                            \n                        <a href='https:\/\/www.laborberlin.com\/wp-content\/uploads\/2025\/04\/250407_LB_Pressemitteilung_MassSpec.pdf' class='More More--download'>PDF<\/a>\n                                    <\/li>\n                                            <li class='mar--b10'>\n                    <h3>NEuroBioStand project launched<\/h3>\n                    <p>16.11.23 | Labor Berlin, a subsidiary of Charit\u00e9 and Vivantes, was the first laboratory to introduce the determination of NfL in both cerebrospinal fluid and serum as a routine parameter as part of regular health insurance coverage for patients.<\/p>\n\n                                            \n                        <a href='https:\/\/www.laborberlin.com\/wp-content\/uploads\/2023\/11\/Pressemitteilung_LaborBerlin_NEuroBioStand_NfL.pdf' class='More More--download'>PDF<\/a>\n                                    <\/li>\n                                            <li class='mar--b10'>\n                    <h3>Labor Berlin among the top 3 most innovative companies in the German SME sector<\/h3>\n                    <p>26.11.2021 | Competition mentor Ranga Yogeshwar congratulates Labor Berlin, Europe&#8217;s largest hospital laboratory, on its outstanding success in the TOP 100 innovation competition. For the fourth time in a row, Labor Berlin is one of Germany&#8217;s top innovators and has now achieved an outstanding third place among hundreds of participants in 2021. In the scientific selection process, Labor Berlin was particularly impressive in the &#8220;Innovation Success&#8221; category.<\/p>\n\n                                            \n                        <a href='https:\/\/www.laborberlin.com\/wp-content\/uploads\/2021\/11\/211126_Pressemitteilung_LaborBerlin_Top3_der_innovativsten_Unternehmen_Deutschlands.pdf' class='More More--download'>PDF<\/a>\n                                    <\/li>\n                                            <li class='mar--b10'>\n                    <h3>Co-creation in everyday laboratory work: Joint further development of an automation solution for high-throughput laboratories<\/h3>\n                    <p>22.11.2021 | Many activities in the laboratory are still carried out manually. What challenges does this pose and what if the laboratory wants to automate a manual process? What skills are needed here? And how do you bring the parties involved together? Co-creation can be the solution here. The focus is on the joint development of a product. A Labor Berlin project with the diagnostics manufacturer Roche and the laboratory and medical technology provider SARSTEDT shows what this can look like in practice.<\/p>\n\n                                            <a href=' https:\/\/www.roche.de\/aktuelles\/news\/co-creation-im-laboralltag-gemeinsame-weiterentwicklung-einer-automatisierungsloesung-fuer-hochdurchsatzlabore\/' target=\"_blank\" class='More'>read more<\/a>\n                                    <\/li>\n                                            <li class='mar--b10'>\n                    <h3>Labor Berlin Managing Director Nina Beikert among Germany&#8217;s top 40 under 40<\/h3>\n                    <p>19.11.2021 | The business magazine Capital has been selecting Germany&#8217;s &#8220;Young Elite&#8221; every year for 14 years\nin the categories Company, Politics, Management and Society. Nina Beikert,\nManaging Director of Labor Berlin, was selected from hundreds of candidates and\nis one of the &#8220;Top 40 under 40&#8221; of 2021 in the coveted Management category.\nProf. Dr. Heyo K. Kroemer, Chairman of the Executive Board of Charit\u00e9 &#8211; Universit\u00e4tsmedizin\nBerlin: &#8220;Nina Beikert is a manager who stays on course even in a crisis.&#8221;<\/p>\n\n                                            \n                        <a href='https:\/\/www.laborberlin.com\/wp-content\/uploads\/2021\/11\/211119_Pressemitteilung_Nina-Beikert_Top40unter40.pdf' class='More More--download'>PDF<\/a>\n                                    <\/li>\n                                            <li class='mar--b10'>\n                    <h3>&#8220;TV\u00f6D for all&#8221; demanded at Labor Berlin<\/h3>\n                    <p>21.06.2021 | Existence of Europe&#8217;s largest hospital laboratory at risk &#8211; \n\nThe trade union ver.di demands the introduction of the collective agreement for the public sector (TV\u00f6D) at Labor Berlin and the commencement of collective bargaining. This would put hundreds of highly qualified, well-paid jobs in the healthcare sector at massive risk.<\/p>\n\n                                            \n                        <a href='https:\/\/www.laborberlin.com\/wp-content\/uploads\/2021\/06\/2021-06-21-Pressemitteilung_ver.di_.pdf' class='More More--download'>PDF<\/a>\n                                    <\/li>\n                                            <li class='mar--b10'>\n                    <h3>Digitalization for diagnostics<\/h3>\n                    <p>14.06.2021 | Labor Berlin and S4DX digitize the sample history of more than 50,000 human samples in pre-analytics.<\/p>\n\n                                            \n                        <a href='https:\/\/www.laborberlin.com\/wp-content\/uploads\/2021\/06\/210614_PM_LaborBerlin-S4DX.pdf' class='More More--download'>PDF<\/a>\n                                    <\/li>\n                                            <li class='mar--b10'>\n                    <h3>Additional testing of positive corona samples for mutations<\/h3>\n                    <p>20.01.2021 | Labor Berlin additionally tests samples with positive SARS-CoV-2 detection for the English and South African virus variants for Charit\u00e9 &#8211; Universit\u00e4tsmedizin Berlin and Vivantes &#8211; Netzwerk f\u00fcr Gesundheit.<\/p>\n\n                                            \n                        <a href='https:\/\/www.laborberlin.com\/wp-content\/uploads\/2021\/01\/210120_PM_Testung_Mutation.pdf' class='More More--download'>PDF<\/a>\n                                    <\/li>\n                                            <li class='mar--b10'>\n                    <h3><br>10 years Labor Berlin<\/h3>\n                    <p>01.01.2021 | Labor Berlin, Europe&#8217;s largest hospital laboratory, celebrates its anniversary and looks back on 10 successful years of cutting-edge diagnostic medicine.<\/p>\n\n                                            \n                        <a href='https:\/\/www.laborberlin.com\/wp-content\/uploads\/2021\/01\/2021_01-Pressemitteilung_10JahreLB.pdf' class='More More--download'>PDF<\/a>\n                                    <\/li>\n                                            <li class='mar--b10'>\n                    <h3>Transportation of laboratory samples via drones<\/h3>\n                    <p>17.11.2020 | In medicine, time is often of the essence: the use of drones is intended to reduce\nTransport time for particularly time-critical samples between individual clinic locations and\nthe central laboratory of Labor Berlin.<\/p>\n\n                                            \n                        <a href='' class='More More--download'>PDF<\/a>\n                                    <\/li>\n                                            <li class='mar--b10'>\n                    <h3>Labor Berlin is Top Innovator 2020<\/h3>\n                    <p>19.06.2020 | As of today, Labor Berlin is officially one of the TOP 100 most innovative German SMEs for the third time in a row.<\/p>\n\n                                            \n                        <a href='https:\/\/www.laborberlin.com\/wp-content\/uploads\/2021\/02\/200619_Top-100_2020_Pressemitteilung.pdf' class='More More--download'>PDF<\/a>\n                                    <\/li>\n                                <\/ul>\n    <\/div>\n<\/div>\n<div class=\"Module TeaserColumns Background Background--transparent\" >\n    <div class=\"container\">\n            <Header class=\"Module__header\">\n                    <h2>contact<\/h2>\n        \n                    <p><img loading=\"lazy\" decoding=\"async\" class=\"alignnone wp-image-6539\" src=\"\/wp-content\/uploads\/2021\/02\/hello-i-m-nik-MAgPyHRO0AA-unsplash-scaled.jpg\" alt=\"\" width=\"365\" height=\"245\" srcset=\"https:\/\/www.laborberlin.com\/wp-content\/uploads\/2021\/02\/hello-i-m-nik-MAgPyHRO0AA-unsplash-scaled.jpg 2560w, https:\/\/www.laborberlin.com\/wp-content\/uploads\/2021\/02\/hello-i-m-nik-MAgPyHRO0AA-unsplash-768x514.jpg 768w, https:\/\/www.laborberlin.com\/wp-content\/uploads\/2021\/02\/hello-i-m-nik-MAgPyHRO0AA-unsplash-1536x1028.jpg 1536w, https:\/\/www.laborberlin.com\/wp-content\/uploads\/2021\/02\/hello-i-m-nik-MAgPyHRO0AA-unsplash-2048x1371.jpg 2048w, https:\/\/www.laborberlin.com\/wp-content\/uploads\/2021\/02\/hello-i-m-nik-MAgPyHRO0AA-unsplash-1600x1071.jpg 1600w, https:\/\/www.laborberlin.com\/wp-content\/uploads\/2021\/02\/hello-i-m-nik-MAgPyHRO0AA-unsplash-1024x686.jpg 1024w, https:\/\/www.laborberlin.com\/wp-content\/uploads\/2021\/02\/hello-i-m-nik-MAgPyHRO0AA-unsplash-800x536.jpg 800w, https:\/\/www.laborberlin.com\/wp-content\/uploads\/2021\/02\/hello-i-m-nik-MAgPyHRO0AA-unsplash-600x402.jpg 600w, https:\/\/www.laborberlin.com\/wp-content\/uploads\/2021\/02\/hello-i-m-nik-MAgPyHRO0AA-unsplash-400x268.jpg 400w\" sizes=\"auto, (max-width: 365px) 100vw, 365px\" \/><\/p>\n<p>For press inquiries please contact <a href=\"mailto:presse@laborberlin.com\">presse@laborberlin.com <\/a><\/p>\n        \n        \n\n    <\/Header>\n\n\n        \n            <\/div>\n<\/div>\n\n","protected":false},"excerpt":{"rendered":"","protected":false},"author":1,"featured_media":0,"parent":16075,"menu_order":55,"comment_status":"closed","ping_status":"closed","template":"","meta":{"_acf_changed":false,"footnotes":""},"class_list":["post-16085","page","type-page","status-publish","hentry"],"acf":[],"yoast_head":"<!-- This site is optimized with the Yoast SEO plugin v25.7 - https:\/\/yoast.com\/wordpress\/plugins\/seo\/ -->\n<title>Press - Labor Berlin<\/title>\n<meta name=\"robots\" content=\"index, follow, max-snippet:-1, max-image-preview:large, max-video-preview:-1\" \/>\n<link rel=\"canonical\" href=\"https:\/\/www.laborberlin.com\/en\/latest-news\/press\/\" \/>\n<meta property=\"og:locale\" content=\"en_US\" \/>\n<meta property=\"og:type\" content=\"article\" \/>\n<meta property=\"og:title\" content=\"Press - Labor Berlin\" \/>\n<meta property=\"og:url\" content=\"https:\/\/www.laborberlin.com\/en\/latest-news\/press\/\" \/>\n<meta property=\"og:site_name\" content=\"Labor Berlin\" \/>\n<meta property=\"article:modified_time\" content=\"2024-07-17T06:54:46+00:00\" \/>\n<meta name=\"twitter:card\" content=\"summary_large_image\" \/>\n<script type=\"application\/ld+json\" class=\"yoast-schema-graph\">{\"@context\":\"https:\/\/schema.org\",\"@graph\":[{\"@type\":\"WebPage\",\"@id\":\"https:\/\/www.laborberlin.com\/en\/latest-news\/press\/\",\"url\":\"https:\/\/www.laborberlin.com\/en\/latest-news\/press\/\",\"name\":\"Press - Labor Berlin\",\"isPartOf\":{\"@id\":\"https:\/\/www.laborberlin.com\/#website\"},\"datePublished\":\"2024-06-13T12:57:20+00:00\",\"dateModified\":\"2024-07-17T06:54:46+00:00\",\"breadcrumb\":{\"@id\":\"https:\/\/www.laborberlin.com\/en\/latest-news\/press\/#breadcrumb\"},\"inLanguage\":\"en-US\",\"potentialAction\":[{\"@type\":\"ReadAction\",\"target\":[\"https:\/\/www.laborberlin.com\/en\/latest-news\/press\/\"]}]},{\"@type\":\"BreadcrumbList\",\"@id\":\"https:\/\/www.laborberlin.com\/en\/latest-news\/press\/#breadcrumb\",\"itemListElement\":[{\"@type\":\"ListItem\",\"position\":1,\"name\":\"Home\",\"item\":\"https:\/\/www.laborberlin.com\/en\/homepage\/\"},{\"@type\":\"ListItem\",\"position\":2,\"name\":\"Latest news\",\"item\":\"https:\/\/www.laborberlin.com\/en\/latest-news\/\"},{\"@type\":\"ListItem\",\"position\":3,\"name\":\"Press\"}]},{\"@type\":\"WebSite\",\"@id\":\"https:\/\/www.laborberlin.com\/#website\",\"url\":\"https:\/\/www.laborberlin.com\/\",\"name\":\"Labor Berlin\",\"description\":\"Competence of Charit\u00e9 and Vivantes.\",\"potentialAction\":[{\"@type\":\"SearchAction\",\"target\":{\"@type\":\"EntryPoint\",\"urlTemplate\":\"https:\/\/www.laborberlin.com\/?s={search_term_string}\"},\"query-input\":{\"@type\":\"PropertyValueSpecification\",\"valueRequired\":true,\"valueName\":\"search_term_string\"}}],\"inLanguage\":\"en-US\"}]}<\/script>\n<!-- \/ Yoast SEO plugin. -->","yoast_head_json":{"title":"Press - Labor Berlin","robots":{"index":"index","follow":"follow","max-snippet":"max-snippet:-1","max-image-preview":"max-image-preview:large","max-video-preview":"max-video-preview:-1"},"canonical":"https:\/\/www.laborberlin.com\/en\/latest-news\/press\/","og_locale":"en_US","og_type":"article","og_title":"Press - Labor Berlin","og_url":"https:\/\/www.laborberlin.com\/en\/latest-news\/press\/","og_site_name":"Labor Berlin","article_modified_time":"2024-07-17T06:54:46+00:00","twitter_card":"summary_large_image","schema":{"@context":"https:\/\/schema.org","@graph":[{"@type":"WebPage","@id":"https:\/\/www.laborberlin.com\/en\/latest-news\/press\/","url":"https:\/\/www.laborberlin.com\/en\/latest-news\/press\/","name":"Press - Labor Berlin","isPartOf":{"@id":"https:\/\/www.laborberlin.com\/#website"},"datePublished":"2024-06-13T12:57:20+00:00","dateModified":"2024-07-17T06:54:46+00:00","breadcrumb":{"@id":"https:\/\/www.laborberlin.com\/en\/latest-news\/press\/#breadcrumb"},"inLanguage":"en-US","potentialAction":[{"@type":"ReadAction","target":["https:\/\/www.laborberlin.com\/en\/latest-news\/press\/"]}]},{"@type":"BreadcrumbList","@id":"https:\/\/www.laborberlin.com\/en\/latest-news\/press\/#breadcrumb","itemListElement":[{"@type":"ListItem","position":1,"name":"Home","item":"https:\/\/www.laborberlin.com\/en\/homepage\/"},{"@type":"ListItem","position":2,"name":"Latest news","item":"https:\/\/www.laborberlin.com\/en\/latest-news\/"},{"@type":"ListItem","position":3,"name":"Press"}]},{"@type":"WebSite","@id":"https:\/\/www.laborberlin.com\/#website","url":"https:\/\/www.laborberlin.com\/","name":"Labor Berlin","description":"Competence of Charit\u00e9 and Vivantes.","potentialAction":[{"@type":"SearchAction","target":{"@type":"EntryPoint","urlTemplate":"https:\/\/www.laborberlin.com\/?s={search_term_string}"},"query-input":{"@type":"PropertyValueSpecification","valueRequired":true,"valueName":"search_term_string"}}],"inLanguage":"en-US"}]}},"_links":{"self":[{"href":"https:\/\/www.laborberlin.com\/en\/wp-json\/wp\/v2\/pages\/16085","targetHints":{"allow":["GET"]}}],"collection":[{"href":"https:\/\/www.laborberlin.com\/en\/wp-json\/wp\/v2\/pages"}],"about":[{"href":"https:\/\/www.laborberlin.com\/en\/wp-json\/wp\/v2\/types\/page"}],"author":[{"embeddable":true,"href":"https:\/\/www.laborberlin.com\/en\/wp-json\/wp\/v2\/users\/1"}],"replies":[{"embeddable":true,"href":"https:\/\/www.laborberlin.com\/en\/wp-json\/wp\/v2\/comments?post=16085"}],"version-history":[{"count":5,"href":"https:\/\/www.laborberlin.com\/en\/wp-json\/wp\/v2\/pages\/16085\/revisions"}],"predecessor-version":[{"id":16886,"href":"https:\/\/www.laborberlin.com\/en\/wp-json\/wp\/v2\/pages\/16085\/revisions\/16886"}],"up":[{"embeddable":true,"href":"https:\/\/www.laborberlin.com\/en\/wp-json\/wp\/v2\/pages\/16075"}],"wp:attachment":[{"href":"https:\/\/www.laborberlin.com\/en\/wp-json\/wp\/v2\/media?parent=16085"}],"curies":[{"name":"wp","href":"https:\/\/api.w.org\/{rel}","templated":true}]}}